{"id":68,"date":"2020-12-01T21:31:36","date_gmt":"2020-12-01T19:31:36","guid":{"rendered":"http:\/\/www.emiliakorkea-aho.eu\/?page_id=68"},"modified":"2025-09-08T12:29:48","modified_gmt":"2025-09-08T10:29:48","slug":"teaching-and-supervision","status":"publish","type":"page","link":"https:\/\/www.emiliakorkea-aho.eu\/index.php\/teaching-and-supervision\/","title":{"rendered":"Teaching and supervision"},"content":{"rendered":"\r\n<figure class=\"wp-block-image size-medium\"><img loading=\"lazy\" decoding=\"async\" width=\"300\" height=\"200\" class=\"wp-image-80\" src=\"http:\/\/www.emiliakorkea-aho.eu\/wp-content\/uploads\/2020\/12\/1A7A5975-1-300x200.jpg\" alt=\"\" srcset=\"https:\/\/www.emiliakorkea-aho.eu\/wp-content\/uploads\/2020\/12\/1A7A5975-1-300x200.jpg 300w, https:\/\/www.emiliakorkea-aho.eu\/wp-content\/uploads\/2020\/12\/1A7A5975-1-1024x682.jpg 1024w, https:\/\/www.emiliakorkea-aho.eu\/wp-content\/uploads\/2020\/12\/1A7A5975-1-768x512.jpg 768w, https:\/\/www.emiliakorkea-aho.eu\/wp-content\/uploads\/2020\/12\/1A7A5975-1.jpg 1280w\" sizes=\"auto, (max-width: 300px) 100vw, 300px\" \/>\r\n<figcaption>Photo: Jetro Stav\u00e9n.<\/figcaption>\r\n<\/figure>\r\n\r\n\r\n\r\n<p>I teach EU law, in particular its institutional and political aspects, as well as qualitative research methods to both Bachelor and Master\u2019s level students in Finland and abroad.<\/p>\r\n\r\n\r\n\r\n<p>At <a href=\"https:\/\/www.uef.fi\/en\/unit\/uef-law-school\" target=\"_blank\" rel=\"noreferrer noopener\">UEF Law School<\/a>, I currently teach:<\/p>\r\n\r\n\r\n\r\n<div class=\"wp-block-group\">\r\n<div class=\"wp-block-group__inner-container is-layout-flow wp-block-group-is-layout-flow\">\r\n<div class=\"wp-block-group\">\r\n<div class=\"wp-block-group__inner-container is-layout-flow wp-block-group-is-layout-flow\">\r\n<ul class=\"wp-block-list\">\r\n<li>Euroopan unionin tuomioistuinj\u00e4rjestelm\u00e4: teoria ja k\u00e4yt\u00e4nt\u00f6 (EU Courts: Theory and Practice)<\/li>\r\n<li>Politiikan oikeus (Law of the Political Process)<\/li>\r\n<li>EU-oikeuden graduryhm\u00e4\u00a0\u00a0(Master\u2019s Thesis Seminar in EU Law)<\/li>\r\n<li>EU-oikeuden kandiseminaari (Bachelor&#8217;s Thesis Seminar in EU Law)<\/li>\r\n<\/ul>\r\n\r\n\r\n\r\n<p>&nbsp;<\/p>\r\n<\/div>\r\n<\/div>\r\n\r\n\r\n\r\n<p>&nbsp;<\/p>\r\n<\/div>\r\n<\/div>\r\n\r\n\r\n\r\n<p>As a supervisor of doctoral candidates, I welcome proposals from postgraduate research students for thesis projects in all areas of EU institutional law, especially EU governance and soft law, and lobbying and its regulation. Kindly acquaint yourself with the <a href=\"https:\/\/www3.uef.fi\/en\/web\/dplaw\/home\" target=\"_blank\" rel=\"noreferrer noopener\">UEF Law School instructions for applying to the doctoral programme<\/a> <strong>before<\/strong> approaching me with your proposal.<\/p>\r\n","protected":false},"excerpt":{"rendered":"<p>I teach EU law, in particular its institutional and political aspects, as well as qualitative research methods to both Bachelor and Master\u2019s level students in Finland and abroad. At UEF Law School, I currently teach: Euroopan unionin tuomioistuinj\u00e4rjestelm\u00e4: teoria ja k\u00e4yt\u00e4nt\u00f6 (EU Courts: Theory and Practice) Politiikan oikeus (Law of the Political Process) EU-oikeuden graduryhm\u00e4\u00a0\u00a0(Master\u2019s &hellip; <\/p>\n<p class=\"link-more\"><a href=\"https:\/\/www.emiliakorkea-aho.eu\/index.php\/teaching-and-supervision\/\" class=\"more-link\">Continue reading<span class=\"screen-reader-text\"> &#8220;Teaching and supervision&#8221;<\/span><\/a><\/p>\n","protected":false},"author":1,"featured_media":0,"parent":0,"menu_order":0,"comment_status":"closed","ping_status":"closed","template":"","meta":{"footnotes":""},"class_list":["post-68","page","type-page","status-publish","hentry"],"_links":{"self":[{"href":"https:\/\/www.emiliakorkea-aho.eu\/index.php\/wp-json\/wp\/v2\/pages\/68","targetHints":{"allow":["GET"]}}],"collection":[{"href":"https:\/\/www.emiliakorkea-aho.eu\/index.php\/wp-json\/wp\/v2\/pages"}],"about":[{"href":"https:\/\/www.emiliakorkea-aho.eu\/index.php\/wp-json\/wp\/v2\/types\/page"}],"author":[{"embeddable":true,"href":"https:\/\/www.emiliakorkea-aho.eu\/index.php\/wp-json\/wp\/v2\/users\/1"}],"replies":[{"embeddable":true,"href":"https:\/\/www.emiliakorkea-aho.eu\/index.php\/wp-json\/wp\/v2\/comments?post=68"}],"version-history":[{"count":9,"href":"https:\/\/www.emiliakorkea-aho.eu\/index.php\/wp-json\/wp\/v2\/pages\/68\/revisions"}],"predecessor-version":[{"id":304,"href":"https:\/\/www.emiliakorkea-aho.eu\/index.php\/wp-json\/wp\/v2\/pages\/68\/revisions\/304"}],"wp:attachment":[{"href":"https:\/\/www.emiliakorkea-aho.eu\/index.php\/wp-json\/wp\/v2\/media?parent=68"}],"curies":[{"name":"wp","href":"https:\/\/api.w.org\/{rel}","templated":true}]}}